{"id":2298,"date":"2014-08-14T08:41:39","date_gmt":"2014-08-14T13:41:39","guid":{"rendered":"http:\/\/randonnee.effetdesurprise.qc.ca\/?page_id=2298"},"modified":"2021-03-19T21:20:50","modified_gmt":"2021-03-20T02:20:50","slug":"au-lecteur","status":"publish","type":"page","link":"http:\/\/randonnee.effetdesurprise.qc.ca\/?page_id=2298","title":{"rendered":"Au lecteur"},"content":{"rendered":"<p style=\"text-align: justify;\"><a href=\"http:\/\/randonnee.effetdesurprise.qc.ca\/wp-content\/uploads\/2014\/08\/attention-hi.png\"><img decoding=\"async\" loading=\"lazy\" class=\"alignleft size-thumbnail wp-image-2306\" title=\"attention-hi\" src=\"http:\/\/randonnee.effetdesurprise.qc.ca\/wp-content\/uploads\/2014\/08\/attention-hi-150x150.png\" alt=\"\" width=\"150\" height=\"150\" \/><\/a><\/p>\n<address style=\"text-align: right;\"><em>[&#8230;] il faut savoir lire, et ensuite se taire, <\/em><\/address>\n<address style=\"text-align: right;\"><em>ou pouvoir rapporter ce qu&rsquo;on a lu, <\/em><\/address>\n<address style=\"text-align: right;\"><em>et ni plus ni moins que ce qu&rsquo;on a lu [&#8230;]<\/em><\/address>\n<address style=\"text-align: right;\"><em>\u00a0<\/em><\/address>\n<address style=\"text-align: right;\"><em><a href=\"http:\/\/fr.wikipedia.org\/wiki\/Jean_de_La_Bruy%C3%A8re\" target=\"_blank\" rel=\"noopener noreferrer\">Jean de\u00a0La Bruy\u00e8re<\/a><\/em><\/address>\n<address style=\"text-align: right;\"><em>Les Caract\u00e8res ou les Moeurs de ce si\u00e8cle<\/em><\/address>\n<address style=\"text-align: justify;\">\u00a0<\/address>\n<p style=\"text-align: justify;\">\n<p style=\"text-align: justify;\">\n<p style=\"text-align: justify;\">\n<p style=\"text-align: justify;\">Le contenu de ce blogue a deux missions : d&rsquo;une part, diffuser des r\u00e9flexions en mati\u00e8re d&rsquo;\u00e9ducation et d&rsquo;innovation p\u00e9dagogique, d&rsquo;autre part \u00eatre un espace de publication pour mes cr\u00e9ations litt\u00e9raires.<\/p>\n<p style=\"text-align: justify;\">Je tiens \u00e0 pr\u00e9ciser que ce que je r\u00e9dige dans ce blogue est \u00e9crit \u00e0 titre personnel. Les opinions exprim\u00e9es n&rsquo;engagent en rien mon employeur.<\/p>\n<p style=\"text-align: justify;\">Enfin\u00b9, \u00a0pour ce qui est des r\u00e9cits publi\u00e9s ici, toute ressemblance avec des lieux, des personnes existant ou ayant vraiment exist\u00e9 me ferait tr\u00e8s plaisir : elle montrerait que j&rsquo;ai su cr\u00e9er des lieux et des personnages cr\u00e9dibles. On retrouve n\u00e9anmoins, au milieu des fictions, un certain nombre de v\u00e9rit\u00e9s indubitables, comme les taxis jaunes de New York. Ce qui \u00e9tait \u00e9videmment mon intention. Cependant, les personnages et les situations de ces r\u00e9cits n&rsquo;\u00e9tant que l&rsquo;oeuvre de mon imagination et se d\u00e9roulant tout simplement dans l&rsquo;espace possible de la litt\u00e9rature, de telles ressemblances ne sauraient \u00eatre que fortuites. Je sais, c&rsquo;est platte, \u00e7a aurait donn\u00e9 l&rsquo;occasion \u00e0 certains de m\u00e9m\u00e9rer, mais pour \u00e7a, il y a Facebook, non?<\/p>\n<p>Nathalie Couzon<\/p>\n<p style=\"text-align: center;\">\n<p style=\"text-align: center;\">\n<p style=\"text-align: center;\"><object width=\"420\" height=\"315\"><param name=\"movie\" value=\"\/\/www.youtube.com\/v\/6ebfRkl05GM?hl=fr_FR&amp;version=3\" \/><param name=\"allowFullScreen\" value=\"true\" \/><param name=\"allowscriptaccess\" value=\"always\" \/><embed type=\"application\/x-shockwave-flash\" width=\"420\" height=\"315\" src=\"\/\/www.youtube.com\/v\/6ebfRkl05GM?hl=fr_FR&amp;version=3\" allowscriptaccess=\"always\" allowfullscreen=\"allowfullscreen\" \/><\/object><\/p>\n<p>\u00b9 J<em>&lsquo;ai toujours r\u00eav\u00e9 de pouvoir \u00e9crire une telle phrase! \ud83d\ude42<\/em><\/p>\n","protected":false},"excerpt":{"rendered":"<p>[&#8230;] il faut savoir lire, et ensuite se taire, ou pouvoir rapporter ce qu&rsquo;on a lu, et ni plus ni moins que ce qu&rsquo;on a lu [&#8230;] \u00a0 Jean de\u00a0La Bruy\u00e8re Les Caract\u00e8res ou les Moeurs de ce si\u00e8cle \u00a0 Le contenu de ce blogue a deux missions : d&rsquo;une part, diffuser des r\u00e9flexions en [&hellip;]<\/p>\n","protected":false},"author":2,"featured_media":0,"parent":0,"menu_order":0,"comment_status":"open","ping_status":"open","template":"","meta":[],"_links":{"self":[{"href":"http:\/\/randonnee.effetdesurprise.qc.ca\/index.php?rest_route=\/wp\/v2\/pages\/2298"}],"collection":[{"href":"http:\/\/randonnee.effetdesurprise.qc.ca\/index.php?rest_route=\/wp\/v2\/pages"}],"about":[{"href":"http:\/\/randonnee.effetdesurprise.qc.ca\/index.php?rest_route=\/wp\/v2\/types\/page"}],"author":[{"embeddable":true,"href":"http:\/\/randonnee.effetdesurprise.qc.ca\/index.php?rest_route=\/wp\/v2\/users\/2"}],"replies":[{"embeddable":true,"href":"http:\/\/randonnee.effetdesurprise.qc.ca\/index.php?rest_route=%2Fwp%2Fv2%2Fcomments&post=2298"}],"version-history":[{"count":17,"href":"http:\/\/randonnee.effetdesurprise.qc.ca\/index.php?rest_route=\/wp\/v2\/pages\/2298\/revisions"}],"predecessor-version":[{"id":2743,"href":"http:\/\/randonnee.effetdesurprise.qc.ca\/index.php?rest_route=\/wp\/v2\/pages\/2298\/revisions\/2743"}],"wp:attachment":[{"href":"http:\/\/randonnee.effetdesurprise.qc.ca\/index.php?rest_route=%2Fwp%2Fv2%2Fmedia&parent=2298"}],"curies":[{"name":"wp","href":"https:\/\/api.w.org\/{rel}","templated":true}]}}